{"id":1651,"date":"2025-08-03T23:27:09","date_gmt":"2025-08-03T21:27:09","guid":{"rendered":"http:\/\/arc-antibes.fr\/?page_id=1651"},"modified":"2026-04-15T13:03:26","modified_gmt":"2026-04-15T11:03:26","slug":"5-bonnes-raisons-de-pratiquer-le-tir-a-larc","status":"publish","type":"page","link":"http:\/\/arc-antibes.fr\/?page_id=1651","title":{"rendered":"5 raisons de pratiquer le tir \u00e0 l&rsquo;arc"},"content":{"rendered":"\n<div style=\"height:50px\" aria-hidden=\"true\" class=\"wp-block-spacer\"><\/div>\n\n\n\n<h2 class=\"wp-block-heading\"><strong><mark style=\"background-color:rgba(0, 0, 0, 0)\" class=\"has-inline-color has-blue-color\">1. Un sport accessible \u00e0 tous<\/mark><\/strong><\/h2>\n\n\n\n<div class=\"wp-block-media-text has-media-on-the-right\"><div class=\"wp-block-media-text__content\">\n<p>Pour le loisir, en famille ou en comp\u00e9tition, le tir \u00e0 l&rsquo;arc favorise les <strong>\u00e9changes g\u00e9n\u00e9rationnels<\/strong>. Sport individuel, il peut aussi se pratiquer \u00e9galement en \u00e9quipe&nbsp;!<\/p>\n\n\n\n<p>Le tir \u00e0 l\u2019arc est un sport de <strong>pr\u00e9cision<\/strong> qui se pratique d\u00e8s l\u2019\u00e2ge de 5 ans dans l\u2019<em>Ecole de tir \u00e0 l\u2019arc<\/em> de notre Compagnie. C\u2019est aussi un <strong>sport accessible<\/strong> aux personnes en situation de handicap et m\u00eame reconnu comme sport sur ordonnance.<\/p>\n<\/div><figure class=\"wp-block-media-text__media\"><img loading=\"lazy\" decoding=\"async\" width=\"909\" height=\"808\" src=\"http:\/\/arc-antibes.fr\/wp-content\/uploads\/2025\/11\/DSC_0557-1-scaled-e1754257228470.jpg\" alt=\"\" class=\"wp-image-2408 size-full\" srcset=\"http:\/\/arc-antibes.fr\/wp-content\/uploads\/2025\/11\/DSC_0557-1-scaled-e1754257228470.jpg 909w, http:\/\/arc-antibes.fr\/wp-content\/uploads\/2025\/11\/DSC_0557-1-scaled-e1754257228470-300x267.jpg 300w, http:\/\/arc-antibes.fr\/wp-content\/uploads\/2025\/11\/DSC_0557-1-scaled-e1754257228470-768x683.jpg 768w\" sizes=\"auto, (max-width: 909px) 100vw, 909px\" \/><\/figure><\/div>\n\n\n\n<div style=\"height:50px\" aria-hidden=\"true\" class=\"wp-block-spacer\"><\/div>\n\n\n\n<hr class=\"wp-block-separator has-alpha-channel-opacity\"\/>\n\n\n\n<h2 class=\"wp-block-heading\"><strong><mark style=\"background-color:rgba(0, 0, 0, 0)\" class=\"has-inline-color has-blue-color\">2. Un sport bon pour le corps et l\u2019esprit<\/mark><\/strong><\/h2>\n\n\n\n<div class=\"wp-block-media-text is-vertically-aligned-center\"><figure class=\"wp-block-media-text__media\"><img loading=\"lazy\" decoding=\"async\" width=\"1024\" height=\"783\" src=\"http:\/\/arc-antibes.fr\/wp-content\/uploads\/2025\/11\/2015-12-12-13-32-35-scaled-3-1024x783.jpg\" alt=\"\" class=\"wp-image-2404 size-full\" srcset=\"http:\/\/arc-antibes.fr\/wp-content\/uploads\/2025\/11\/2015-12-12-13-32-35-scaled-3-1024x783.jpg 1024w, http:\/\/arc-antibes.fr\/wp-content\/uploads\/2025\/11\/2015-12-12-13-32-35-scaled-3-300x229.jpg 300w, http:\/\/arc-antibes.fr\/wp-content\/uploads\/2025\/11\/2015-12-12-13-32-35-scaled-3-768x587.jpg 768w, http:\/\/arc-antibes.fr\/wp-content\/uploads\/2025\/11\/2015-12-12-13-32-35-scaled-3-1536x1175.jpg 1536w, http:\/\/arc-antibes.fr\/wp-content\/uploads\/2025\/11\/2015-12-12-13-32-35-scaled-3.jpg 1883w\" sizes=\"auto, (max-width: 1024px) 100vw, 1024px\" \/><\/figure><div class=\"wp-block-media-text__content\">\n<p>Partenaire de <em>Sport sant\u00e9<\/em>, le tir \u00e0 l&rsquo;arc contribue \u00e0 <strong>se sentir bien<\/strong> dans sa t\u00eate et dans son corps. Adapt\u00e9 au plus grand nombre, il est un sport <strong>complet<\/strong> qui procure de nombreux bienfaits physiques. <\/p>\n\n\n\n<p>Il fait travailler <strong>l\u2019ensemble du corps<\/strong> et contribue \u00e0 l\u2019am\u00e9lioration de la <strong>coordination des mouvements<\/strong>. Il donne une sensation de libert\u00e9 et de calme int\u00e9rieur. Il est id\u00e9al pour <strong>canaliser son \u00e9nergie<\/strong> et am\u00e9liorer sa concentration.<\/p>\n<\/div><\/div>\n\n\n\n<div style=\"height:50px\" aria-hidden=\"true\" class=\"wp-block-spacer\"><\/div>\n\n\n\n<hr class=\"wp-block-separator has-alpha-channel-opacity\"\/>\n\n\n\n<h2 class=\"wp-block-heading\"><strong><mark style=\"background-color:rgba(0, 0, 0, 0)\" class=\"has-inline-color has-blue-color\">3. Un sport pour gagner en confiance<\/mark><\/strong><\/h2>\n\n\n\n<div class=\"wp-block-media-text has-media-on-the-right\"><div class=\"wp-block-media-text__content\">\n<p>Sport de <strong>concentration<\/strong> par excellence, le tir \u00e0 l\u2019arc permet de mieux se conna\u00eetre et de gagner en <strong>confiance<\/strong>.<\/p>\n\n\n\n<p>Il n\u00e9cessite une bonne <strong>ma\u00eetrise de soi<\/strong> pour g\u00e9rer ses \u00e9motions. Il apporte de la <strong>rigueur<\/strong> au quotidien.<\/p>\n<\/div><figure class=\"wp-block-media-text__media\"><img loading=\"lazy\" decoding=\"async\" width=\"1024\" height=\"682\" src=\"http:\/\/arc-antibes.fr\/wp-content\/uploads\/2025\/06\/IMG-20250616-WA0010-1024x682.jpg\" alt=\"\" class=\"wp-image-1038 size-full\" srcset=\"http:\/\/arc-antibes.fr\/wp-content\/uploads\/2025\/06\/IMG-20250616-WA0010-1024x682.jpg 1024w, http:\/\/arc-antibes.fr\/wp-content\/uploads\/2025\/06\/IMG-20250616-WA0010-300x200.jpg 300w, http:\/\/arc-antibes.fr\/wp-content\/uploads\/2025\/06\/IMG-20250616-WA0010-768x512.jpg 768w, http:\/\/arc-antibes.fr\/wp-content\/uploads\/2025\/06\/IMG-20250616-WA0010-1536x1023.jpg 1536w, http:\/\/arc-antibes.fr\/wp-content\/uploads\/2025\/06\/IMG-20250616-WA0010.jpg 1600w\" sizes=\"auto, (max-width: 1024px) 100vw, 1024px\" \/><\/figure><\/div>\n\n\n\n<div style=\"height:50px\" aria-hidden=\"true\" class=\"wp-block-spacer\"><\/div>\n\n\n\n<hr class=\"wp-block-separator has-alpha-channel-opacity\"\/>\n\n\n\n<h2 class=\"wp-block-heading\"><strong><mark style=\"background-color:rgba(0, 0, 0, 0)\" class=\"has-inline-color has-blue-color\">4. Un sport qui permet de progresser<\/mark><\/strong><\/h2>\n\n\n\n<div class=\"wp-block-media-text is-vertically-aligned-center\"><figure class=\"wp-block-media-text__media\"><img loading=\"lazy\" decoding=\"async\" width=\"1024\" height=\"857\" src=\"http:\/\/arc-antibes.fr\/wp-content\/uploads\/2025\/11\/DSC_0397-scaled-2-1024x857.jpg\" alt=\"\" class=\"wp-image-2400 size-full\" srcset=\"http:\/\/arc-antibes.fr\/wp-content\/uploads\/2025\/11\/DSC_0397-scaled-2-1024x857.jpg 1024w, http:\/\/arc-antibes.fr\/wp-content\/uploads\/2025\/11\/DSC_0397-scaled-2-300x251.jpg 300w, http:\/\/arc-antibes.fr\/wp-content\/uploads\/2025\/11\/DSC_0397-scaled-2-768x643.jpg 768w, http:\/\/arc-antibes.fr\/wp-content\/uploads\/2025\/11\/DSC_0397-scaled-2-1536x1285.jpg 1536w, http:\/\/arc-antibes.fr\/wp-content\/uploads\/2025\/11\/DSC_0397-scaled-2.jpg 1720w\" sizes=\"auto, (max-width: 1024px) 100vw, 1024px\" \/><\/figure><div class=\"wp-block-media-text__content\">\n<p>D\u00e8s les premi\u00e8res fl\u00e8ches \u00e0 6 m\u00e8tres, les <strong>progr\u00e8s<\/strong> sont rapides pour, en quelques mois de pratique, atteindre 15 m\u00e8tres, et pourquoi pas\u2026 atteindre 70 m\u00e8tres, la distance olympique&nbsp;!<\/p>\n\n\n\n<p>Le <strong>choix du mat\u00e9riel<\/strong> est adapt\u00e9 \u00e0 la morphologie de chacun. Pendant la p\u00e9riode d\u2019initiation, le mat\u00e9riel (arc, fl\u00e8ches, protections\u2026) est mis \u00e0 disposition par la Compagnie, avant une location.<\/p>\n<\/div><\/div>\n\n\n\n<div style=\"height:50px\" aria-hidden=\"true\" class=\"wp-block-spacer\"><\/div>\n\n\n\n<hr class=\"wp-block-separator has-alpha-channel-opacity\"\/>\n\n\n\n<h2 class=\"wp-block-heading\"><strong><mark style=\"background-color:rgba(0, 0, 0, 0)\" class=\"has-inline-color has-blue-color\">5. Un sport qui se pratique toute l\u2019ann\u00e9e<\/mark><\/strong><\/h2>\n\n\n\n<div class=\"wp-block-media-text has-media-on-the-right is-vertically-aligned-center\"><div class=\"wp-block-media-text__content\">\n<p><strong>En ext\u00e9rieur<\/strong> tout au long de l\u2019ann\u00e9e sur notre terrain, ou <strong>en salle<\/strong>, les mardis soir et samedis apr\u00e8s-midi, de novembre \u00e0 mars.<\/p>\n\n\n\n<p>Le tir \u00e0 l\u2019arc ne s\u2019arr\u00eate jamais&nbsp;!<\/p>\n<\/div><figure class=\"wp-block-media-text__media\"><img loading=\"lazy\" decoding=\"async\" width=\"1024\" height=\"490\" src=\"http:\/\/arc-antibes.fr\/wp-content\/uploads\/2026\/01\/DSC_0958-1024x490.jpg\" alt=\"\" class=\"wp-image-3211 size-full\" srcset=\"http:\/\/arc-antibes.fr\/wp-content\/uploads\/2026\/01\/DSC_0958-1024x490.jpg 1024w, http:\/\/arc-antibes.fr\/wp-content\/uploads\/2026\/01\/DSC_0958-300x144.jpg 300w, http:\/\/arc-antibes.fr\/wp-content\/uploads\/2026\/01\/DSC_0958-768x368.jpg 768w, http:\/\/arc-antibes.fr\/wp-content\/uploads\/2026\/01\/DSC_0958-1536x735.jpg 1536w, http:\/\/arc-antibes.fr\/wp-content\/uploads\/2026\/01\/DSC_0958-2048x980.jpg 2048w\" sizes=\"auto, (max-width: 1024px) 100vw, 1024px\" \/><\/figure><\/div>\n\n\n\n<div style=\"height:100px\" aria-hidden=\"true\" class=\"wp-block-spacer\"><\/div>\n\n\n\n<p>\u00a9 2026 Compagnie d\u2019Arc d\u2019Antibes<\/p>\n","protected":false},"excerpt":{"rendered":"<p>1. Un sport accessible \u00e0 tous Pour le loisir, en famille ou en comp\u00e9tition, le tir \u00e0 l&rsquo;arc favorise les \u00e9changes g\u00e9n\u00e9rationnels. Sport individuel, il peut aussi se pratiquer \u00e9galement en \u00e9quipe&nbsp;! Le tir \u00e0 l\u2019arc est un sport de &hellip; <a href=\"http:\/\/arc-antibes.fr\/?page_id=1651\">Continuer la lecture <span class=\"meta-nav\">&rarr;<\/span><\/a><\/p>\n","protected":false},"author":1,"featured_media":1101,"parent":0,"menu_order":0,"comment_status":"closed","ping_status":"closed","template":"","meta":{"ngg_post_thumbnail":0,"footnotes":""},"class_list":["post-1651","page","type-page","status-publish","has-post-thumbnail","hentry"],"_links":{"self":[{"href":"http:\/\/arc-antibes.fr\/index.php?rest_route=\/wp\/v2\/pages\/1651","targetHints":{"allow":["GET"]}}],"collection":[{"href":"http:\/\/arc-antibes.fr\/index.php?rest_route=\/wp\/v2\/pages"}],"about":[{"href":"http:\/\/arc-antibes.fr\/index.php?rest_route=\/wp\/v2\/types\/page"}],"author":[{"embeddable":true,"href":"http:\/\/arc-antibes.fr\/index.php?rest_route=\/wp\/v2\/users\/1"}],"replies":[{"embeddable":true,"href":"http:\/\/arc-antibes.fr\/index.php?rest_route=%2Fwp%2Fv2%2Fcomments&post=1651"}],"version-history":[{"count":108,"href":"http:\/\/arc-antibes.fr\/index.php?rest_route=\/wp\/v2\/pages\/1651\/revisions"}],"predecessor-version":[{"id":3505,"href":"http:\/\/arc-antibes.fr\/index.php?rest_route=\/wp\/v2\/pages\/1651\/revisions\/3505"}],"wp:featuredmedia":[{"embeddable":true,"href":"http:\/\/arc-antibes.fr\/index.php?rest_route=\/wp\/v2\/media\/1101"}],"wp:attachment":[{"href":"http:\/\/arc-antibes.fr\/index.php?rest_route=%2Fwp%2Fv2%2Fmedia&parent=1651"}],"curies":[{"name":"wp","href":"https:\/\/api.w.org\/{rel}","templated":true}]}}