{"id":1870,"date":"2025-10-12T15:23:46","date_gmt":"2025-10-12T13:23:46","guid":{"rendered":"http:\/\/arc-antibes.fr\/?page_id=1870"},"modified":"2026-03-29T09:54:11","modified_gmt":"2026-03-29T07:54:11","slug":"vie-de-la-compagnie","status":"publish","type":"page","link":"http:\/\/arc-antibes.fr\/?page_id=1870","title":{"rendered":"Vie de la Compagnie"},"content":{"rendered":"\n<div style=\"height:50px\" aria-hidden=\"true\" class=\"wp-block-spacer\"><\/div>\n\n\n\n<p>Toute la Compagnie d&rsquo;Arc en images et les informations du moment !<\/p>\n\n\n\n<div style=\"height:50px\" aria-hidden=\"true\" class=\"wp-block-spacer\"><\/div>\n\n\n\n<figure class=\"wp-block-pullquote\"><blockquote><p>\u00ab&nbsp;Le tir \u00e0 l&rsquo;arc est comme un voyage, <br>il commence par l&rsquo;amour du tir \u00e0 l&rsquo;arc <br>et la passion de regarder nos fl\u00e8ches voler.&nbsp;\u00bb<\/p><cite><strong>Ron LACLAIR<\/strong><\/cite><\/blockquote><\/figure>\n\n\n\n<div style=\"height:50px\" aria-hidden=\"true\" class=\"wp-block-spacer\"><\/div>\n\n\n\n<h2 class=\"wp-block-heading\"><strong><mark style=\"background-color:rgba(0, 0, 0, 0)\" class=\"has-inline-color has-blue-color\">Dans cette rubrique<\/mark><\/strong><\/h2>\n\n\n\n<div class=\"wp-block-group is-nowrap is-layout-flex wp-container-core-group-is-layout-ad2f72ca wp-block-group-is-layout-flex\">\n<figure class=\"wp-block-image size-large wp-container-content-a6f7e2ff\"><a href=\"http:\/\/arc-antibes.fr\/?page_id=1013\"><img loading=\"lazy\" decoding=\"async\" width=\"1024\" height=\"1024\" src=\"http:\/\/arc-antibes.fr\/wp-content\/uploads\/2025\/12\/LInfo-Club-1-1024x1024.jpg\" alt=\"\" class=\"wp-image-2918\" srcset=\"http:\/\/arc-antibes.fr\/wp-content\/uploads\/2025\/12\/LInfo-Club-1-1024x1024.jpg 1024w, http:\/\/arc-antibes.fr\/wp-content\/uploads\/2025\/12\/LInfo-Club-1-300x300.jpg 300w, http:\/\/arc-antibes.fr\/wp-content\/uploads\/2025\/12\/LInfo-Club-1-150x150.jpg 150w, http:\/\/arc-antibes.fr\/wp-content\/uploads\/2025\/12\/LInfo-Club-1-768x768.jpg 768w, http:\/\/arc-antibes.fr\/wp-content\/uploads\/2025\/12\/LInfo-Club-1-1536x1536.jpg 1536w, http:\/\/arc-antibes.fr\/wp-content\/uploads\/2025\/12\/LInfo-Club-1.jpg 1777w\" sizes=\"auto, (max-width: 1024px) 100vw, 1024px\" \/><\/a><\/figure>\n\n\n\n<figure class=\"wp-block-image size-large wp-container-content-a6f7e2ff\"><a href=\"http:\/\/arc-antibes.fr\/?page_id=1116\"><img loading=\"lazy\" decoding=\"async\" width=\"1024\" height=\"1024\" src=\"http:\/\/arc-antibes.fr\/wp-content\/uploads\/2025\/12\/Les_Actualites-1-1024x1024.jpg\" alt=\"\" class=\"wp-image-2915\" srcset=\"http:\/\/arc-antibes.fr\/wp-content\/uploads\/2025\/12\/Les_Actualites-1-1024x1024.jpg 1024w, http:\/\/arc-antibes.fr\/wp-content\/uploads\/2025\/12\/Les_Actualites-1-300x300.jpg 300w, http:\/\/arc-antibes.fr\/wp-content\/uploads\/2025\/12\/Les_Actualites-1-150x150.jpg 150w, http:\/\/arc-antibes.fr\/wp-content\/uploads\/2025\/12\/Les_Actualites-1-768x768.jpg 768w, http:\/\/arc-antibes.fr\/wp-content\/uploads\/2025\/12\/Les_Actualites-1-1536x1536.jpg 1536w, http:\/\/arc-antibes.fr\/wp-content\/uploads\/2025\/12\/Les_Actualites-1.jpg 1777w\" sizes=\"auto, (max-width: 1024px) 100vw, 1024px\" \/><\/a><\/figure>\n\n\n\n<figure class=\"wp-block-image size-large wp-container-content-a6f7e2ff\"><a href=\"http:\/\/arc-antibes.fr\/?page_id=129\"><img loading=\"lazy\" decoding=\"async\" width=\"1024\" height=\"1024\" src=\"http:\/\/arc-antibes.fr\/wp-content\/uploads\/2025\/12\/Les_Photos-1-1024x1024.jpg\" alt=\"\" class=\"wp-image-2917\" srcset=\"http:\/\/arc-antibes.fr\/wp-content\/uploads\/2025\/12\/Les_Photos-1-1024x1024.jpg 1024w, http:\/\/arc-antibes.fr\/wp-content\/uploads\/2025\/12\/Les_Photos-1-300x300.jpg 300w, http:\/\/arc-antibes.fr\/wp-content\/uploads\/2025\/12\/Les_Photos-1-150x150.jpg 150w, http:\/\/arc-antibes.fr\/wp-content\/uploads\/2025\/12\/Les_Photos-1-768x768.jpg 768w, http:\/\/arc-antibes.fr\/wp-content\/uploads\/2025\/12\/Les_Photos-1-1536x1536.jpg 1536w, http:\/\/arc-antibes.fr\/wp-content\/uploads\/2025\/12\/Les_Photos-1.jpg 1777w\" sizes=\"auto, (max-width: 1024px) 100vw, 1024px\" \/><\/a><\/figure>\n<\/div>\n\n\n\n<div style=\"height:100px\" aria-hidden=\"true\" class=\"wp-block-spacer\"><\/div>\n\n\n\n<p>\u00a9 2026 Compagnie d&rsquo;Arc d&rsquo;Antibes<\/p>\n","protected":false},"excerpt":{"rendered":"<p>Toute la Compagnie d&rsquo;Arc en images et les informations du moment ! \u00ab&nbsp;Le tir \u00e0 l&rsquo;arc est comme un voyage, il commence par l&rsquo;amour du tir \u00e0 l&rsquo;arc et la passion de regarder nos fl\u00e8ches voler.&nbsp;\u00bb Ron LACLAIR Dans cette &hellip; <a href=\"http:\/\/arc-antibes.fr\/?page_id=1870\">Continuer la lecture <span class=\"meta-nav\">&rarr;<\/span><\/a><\/p>\n","protected":false},"author":1,"featured_media":1873,"parent":0,"menu_order":0,"comment_status":"closed","ping_status":"closed","template":"","meta":{"ngg_post_thumbnail":0,"footnotes":""},"class_list":["post-1870","page","type-page","status-publish","has-post-thumbnail","hentry"],"_links":{"self":[{"href":"http:\/\/arc-antibes.fr\/index.php?rest_route=\/wp\/v2\/pages\/1870","targetHints":{"allow":["GET"]}}],"collection":[{"href":"http:\/\/arc-antibes.fr\/index.php?rest_route=\/wp\/v2\/pages"}],"about":[{"href":"http:\/\/arc-antibes.fr\/index.php?rest_route=\/wp\/v2\/types\/page"}],"author":[{"embeddable":true,"href":"http:\/\/arc-antibes.fr\/index.php?rest_route=\/wp\/v2\/users\/1"}],"replies":[{"embeddable":true,"href":"http:\/\/arc-antibes.fr\/index.php?rest_route=%2Fwp%2Fv2%2Fcomments&post=1870"}],"version-history":[{"count":16,"href":"http:\/\/arc-antibes.fr\/index.php?rest_route=\/wp\/v2\/pages\/1870\/revisions"}],"predecessor-version":[{"id":3510,"href":"http:\/\/arc-antibes.fr\/index.php?rest_route=\/wp\/v2\/pages\/1870\/revisions\/3510"}],"wp:featuredmedia":[{"embeddable":true,"href":"http:\/\/arc-antibes.fr\/index.php?rest_route=\/wp\/v2\/media\/1873"}],"wp:attachment":[{"href":"http:\/\/arc-antibes.fr\/index.php?rest_route=%2Fwp%2Fv2%2Fmedia&parent=1870"}],"curies":[{"name":"wp","href":"https:\/\/api.w.org\/{rel}","templated":true}]}}