{"id":511,"date":"2024-10-22T09:15:42","date_gmt":"2024-10-22T07:15:42","guid":{"rendered":"http:\/\/arc-antibes.fr\/?page_id=511"},"modified":"2026-04-15T13:17:55","modified_gmt":"2026-04-15T11:17:55","slug":"mandats","status":"publish","type":"page","link":"http:\/\/arc-antibes.fr\/?page_id=511","title":{"rendered":"Mandats"},"content":{"rendered":"\n<div style=\"height:50px\" aria-hidden=\"true\" class=\"wp-block-spacer\"><\/div>\n\n\n\n<h2 class=\"wp-block-heading\" id=\"mandats_salle\"><strong><mark style=\"background-color:rgba(0, 0, 0, 0)\" class=\"has-inline-color has-blue-color\">Les mandats en salle<\/mark><\/strong><\/h2>\n\n\n\n<p>Retrouvez les mandats des concours en salle organis\u00e9s par la Compagnie d&rsquo;Arc d&rsquo;Antibes. Cliquez dessus pour les t\u00e9l\u00e9charger !<\/p>\n\n\n\n<div class=\"wp-block-group is-layout-grid wp-container-core-group-is-layout-9649a0d9 wp-block-group-is-layout-grid\">\n<figure class=\"wp-block-image size-full\"><a href=\"http:\/\/arc-antibes.fr\/wp-content\/uploads\/2025\/10\/Mandat_Challenge_Lesage_2026.01.11.pdf\" target=\"_blank\" rel=\" noreferrer noopener\"><img decoding=\"async\" src=\"http:\/\/arc-antibes.fr\/wp-content\/uploads\/2025\/10\/Challenge.jpg\" alt=\"\" class=\"wp-image-1920\"\/><\/a><figcaption class=\"wp-element-caption\"><br>Concours salle <br>Challenge Lesage <br>janvier 2026<\/figcaption><\/figure>\n\n\n\n<figure class=\"wp-block-image size-full\"><a href=\"http:\/\/arc-antibes.fr\/wp-content\/uploads\/2025\/10\/Mandat_Poussins_2026.01.10.pdf\" target=\"_blank\" rel=\" noreferrer noopener\"><img decoding=\"async\" src=\"http:\/\/arc-antibes.fr\/wp-content\/uploads\/2025\/10\/Poussins.jpg\" alt=\"\" class=\"wp-image-1916\"\/><\/a><figcaption class=\"wp-element-caption\">Concours salle <br>Concours Poussin <br>janvier 2026<\/figcaption><\/figure>\n\n\n\n<figure class=\"wp-block-image size-full\"><a href=\"http:\/\/arc-antibes.fr\/wp-content\/uploads\/2025\/10\/Mandat_Debutants_2026.01.10.pdf\" target=\"_blank\" rel=\" noreferrer noopener\"><img decoding=\"async\" src=\"http:\/\/arc-antibes.fr\/wp-content\/uploads\/2025\/10\/Debutants.jpg\" alt=\"\" class=\"wp-image-1921\"\/><\/a><figcaption class=\"wp-element-caption\"><br>Concours salle <br>Concours D\u00e9butants <br>janvier 2026<\/figcaption><\/figure>\n<\/div>\n\n\n\n<div style=\"height:50px\" aria-hidden=\"true\" class=\"wp-block-spacer\"><\/div>\n\n\n\n<hr class=\"wp-block-separator has-alpha-channel-opacity\"\/>\n\n\n\n<h2 class=\"wp-block-heading\" id=\"mandats_exterieur\"><strong><mark style=\"background-color:rgba(0, 0, 0, 0)\" class=\"has-inline-color has-blue-color\">Les mandats en ext\u00e9rieur<\/mark><\/strong><\/h2>\n\n\n\n<p>Retrouvez les mandats des concours en ext\u00e9rieur organis\u00e9s par la Compagnie d&rsquo;Arc d&rsquo;Antibes. Cliquez dessus pour les t\u00e9l\u00e9charger !<\/p>\n\n\n\n<div class=\"wp-block-group is-layout-grid wp-container-core-group-is-layout-9649a0d9 wp-block-group-is-layout-grid\">\n<figure class=\"wp-block-image size-full\"><a href=\"http:\/\/arc-antibes.fr\/wp-content\/uploads\/2026\/02\/Mandat_DENAPE_2026.pdf\" target=\"_blank\" rel=\" noreferrer noopener\"><img loading=\"lazy\" decoding=\"async\" width=\"667\" height=\"944\" src=\"http:\/\/arc-antibes.fr\/wp-content\/uploads\/2026\/02\/Mandat_DENAPE_2026-1.jpg\" alt=\"\" class=\"wp-image-3292\" srcset=\"http:\/\/arc-antibes.fr\/wp-content\/uploads\/2026\/02\/Mandat_DENAPE_2026-1.jpg 667w, http:\/\/arc-antibes.fr\/wp-content\/uploads\/2026\/02\/Mandat_DENAPE_2026-1-212x300.jpg 212w\" sizes=\"auto, (max-width: 667px) 100vw, 667px\" \/><\/a><figcaption class=\"wp-element-caption\">Concours TAE<br>Challenge Denape<br>avril 2026<\/figcaption><\/figure>\n\n\n\n<figure class=\"wp-block-image size-full\"><a href=\"http:\/\/arc-antibes.fr\/wp-content\/uploads\/2026\/02\/Mandat_Debutants_2026.04.25.pdf\" target=\"_blank\" rel=\" noreferrer noopener\"><img loading=\"lazy\" decoding=\"async\" width=\"664\" height=\"945\" src=\"http:\/\/arc-antibes.fr\/wp-content\/uploads\/2026\/02\/Mandat_Debutants_2026.04.25.jpg\" alt=\"\" class=\"wp-image-3273\" srcset=\"http:\/\/arc-antibes.fr\/wp-content\/uploads\/2026\/02\/Mandat_Debutants_2026.04.25.jpg 664w, http:\/\/arc-antibes.fr\/wp-content\/uploads\/2026\/02\/Mandat_Debutants_2026.04.25-211x300.jpg 211w\" sizes=\"auto, (max-width: 664px) 100vw, 664px\" \/><\/a><figcaption class=\"wp-element-caption\">Concours TAE<br>Concours D\u00e9butants<br>avril 2026<\/figcaption><\/figure>\n\n\n\n<figure class=\"wp-block-image size-full\"><a href=\"http:\/\/arc-antibes.fr\/wp-content\/uploads\/2026\/03\/Mandat_Nocturne_2026.pdf\" target=\"_blank\" rel=\" noreferrer noopener\"><img loading=\"lazy\" decoding=\"async\" width=\"666\" height=\"941\" src=\"http:\/\/arc-antibes.fr\/wp-content\/uploads\/2026\/03\/Mandat_Nocturne_2026.jpg\" alt=\"\" class=\"wp-image-3455\" srcset=\"http:\/\/arc-antibes.fr\/wp-content\/uploads\/2026\/03\/Mandat_Nocturne_2026.jpg 666w, http:\/\/arc-antibes.fr\/wp-content\/uploads\/2026\/03\/Mandat_Nocturne_2026-212x300.jpg 212w\" sizes=\"auto, (max-width: 666px) 100vw, 666px\" \/><\/a><figcaption class=\"wp-element-caption\">Concours TAE <br>Tir nocturne <br>juin 2026<\/figcaption><\/figure>\n<\/div>\n\n\n\n<div style=\"height:50px\" aria-hidden=\"true\" class=\"wp-block-spacer\"><\/div>\n\n\n\n<hr class=\"wp-block-separator has-alpha-channel-opacity\"\/>\n\n\n\n<h2 class=\"wp-block-heading\"><strong><mark style=\"background-color:rgba(0, 0, 0, 0)\" class=\"has-inline-color has-blue-color\">Les mandats et r\u00e9sultats r\u00e9gionaux<\/mark><\/strong><\/h2>\n\n\n\n<p>Retrouvez \u00e9galement l&rsquo;ensemble des comp\u00e9titions en R\u00e9gion PACA sur le lien ci-dessous !<\/p>\n\n\n\n<figure class=\"wp-block-image size-large is-resized\"><a href=\"https:\/\/www.tirarcpaca.fr\/evenements\" target=\"_blank\" rel=\" noreferrer noopener\"><img loading=\"lazy\" decoding=\"async\" width=\"1024\" height=\"1024\" src=\"http:\/\/arc-antibes.fr\/wp-content\/uploads\/2025\/12\/Calendrier_PACA-1-1024x1024.jpg\" alt=\"\" class=\"wp-image-2872\" style=\"width:154px\" srcset=\"http:\/\/arc-antibes.fr\/wp-content\/uploads\/2025\/12\/Calendrier_PACA-1-1024x1024.jpg 1024w, http:\/\/arc-antibes.fr\/wp-content\/uploads\/2025\/12\/Calendrier_PACA-1-300x300.jpg 300w, http:\/\/arc-antibes.fr\/wp-content\/uploads\/2025\/12\/Calendrier_PACA-1-150x150.jpg 150w, http:\/\/arc-antibes.fr\/wp-content\/uploads\/2025\/12\/Calendrier_PACA-1-768x768.jpg 768w, http:\/\/arc-antibes.fr\/wp-content\/uploads\/2025\/12\/Calendrier_PACA-1-1536x1536.jpg 1536w, http:\/\/arc-antibes.fr\/wp-content\/uploads\/2025\/12\/Calendrier_PACA-1.jpg 1777w\" sizes=\"auto, (max-width: 1024px) 100vw, 1024px\" \/><\/a><\/figure>\n\n\n\n<div style=\"height:100px\" aria-hidden=\"true\" class=\"wp-block-spacer\"><\/div>\n\n\n\n<p>\u00a9 2026 Compagnie d&rsquo;Arc d&rsquo;Antibes<\/p>\n","protected":false},"excerpt":{"rendered":"<p>Les mandats en salle Retrouvez les mandats des concours en salle organis\u00e9s par la Compagnie d&rsquo;Arc d&rsquo;Antibes. Cliquez dessus pour les t\u00e9l\u00e9charger ! Les mandats en ext\u00e9rieur Retrouvez les mandats des concours en ext\u00e9rieur organis\u00e9s par la Compagnie d&rsquo;Arc d&rsquo;Antibes. &hellip; <a href=\"http:\/\/arc-antibes.fr\/?page_id=511\">Continuer la lecture <span class=\"meta-nav\">&rarr;<\/span><\/a><\/p>\n","protected":false},"author":1,"featured_media":1101,"parent":0,"menu_order":0,"comment_status":"closed","ping_status":"closed","template":"","meta":{"ngg_post_thumbnail":0,"footnotes":""},"class_list":["post-511","page","type-page","status-publish","has-post-thumbnail","hentry"],"_links":{"self":[{"href":"http:\/\/arc-antibes.fr\/index.php?rest_route=\/wp\/v2\/pages\/511","targetHints":{"allow":["GET"]}}],"collection":[{"href":"http:\/\/arc-antibes.fr\/index.php?rest_route=\/wp\/v2\/pages"}],"about":[{"href":"http:\/\/arc-antibes.fr\/index.php?rest_route=\/wp\/v2\/types\/page"}],"author":[{"embeddable":true,"href":"http:\/\/arc-antibes.fr\/index.php?rest_route=\/wp\/v2\/users\/1"}],"replies":[{"embeddable":true,"href":"http:\/\/arc-antibes.fr\/index.php?rest_route=%2Fwp%2Fv2%2Fcomments&post=511"}],"version-history":[{"count":106,"href":"http:\/\/arc-antibes.fr\/index.php?rest_route=\/wp\/v2\/pages\/511\/revisions"}],"predecessor-version":[{"id":3529,"href":"http:\/\/arc-antibes.fr\/index.php?rest_route=\/wp\/v2\/pages\/511\/revisions\/3529"}],"wp:featuredmedia":[{"embeddable":true,"href":"http:\/\/arc-antibes.fr\/index.php?rest_route=\/wp\/v2\/media\/1101"}],"wp:attachment":[{"href":"http:\/\/arc-antibes.fr\/index.php?rest_route=%2Fwp%2Fv2%2Fmedia&parent=511"}],"curies":[{"name":"wp","href":"https:\/\/api.w.org\/{rel}","templated":true}]}}